{"id":40396,"date":"2022-07-04T14:16:00","date_gmt":"2022-07-04T12:16:00","guid":{"rendered":"https:\/\/montesanco.com\/producto\/mon-tempranillo\/"},"modified":"2026-03-25T12:13:07","modified_gmt":"2026-03-25T11:13:07","slug":"mon-tempranillo","status":"publish","type":"product","link":"https:\/\/montesanco.com\/en\/producto\/mon-tempranillo\/","title":{"rendered":"M\u00d3N Tempranillo"},"content":{"rendered":"<p><span style=\"color: #c99e67;\"><strong>VI\u00d1EDOS ECOL\u00d3GICOS:<\/strong><\/span><br \/>\n100 % Tempranillo de vi\u00d1edos de 60 a\u00d1os sin espaldera y sin regad\u00edo en Finca Casa de la Vi\u00f1a (comarca de Requena). Altitud 731 metros. Mezcla de suelo: Arcilla, humus. Rendimiento: 2,5 Kg \/ cepa.\u00a0 Vendimia nocturna a mano. Selecci\u00f3n de uvas m\u00e1s sanas.<\/p>\n<p><span style=\"color: #c99e67;\"><strong>PRODUCCI\u00d3N TOTAL:<\/strong><\/span><br \/>\n9.382 botellas<\/p>\n<p><span style=\"color: #c99e67;\"><strong>VINIFICACI\u00d3N Y ENVEJECIMIENTO:<\/strong><\/span><br \/>\nEl vino fermenta parcialmente en barricas de roble franc\u00e9s y posteriormente se trasiega a barricas nuevas de roble franc\u00e9s donde realiza la fermentaci\u00f3n malol\u00e1ctica. La crianza se realiza a continuaci\u00f3n<br \/>\nen las mismas barricas durante 12 meses utilizando regularmente la t\u00e9cnica de &#8220;b\u00e1tonnage&#8221;.<\/p>\n<p><span style=\"color: #c99e67;\"><strong>NOTAS DE CATA:<\/strong><\/span><br \/>\nVista: Color rub\u00cd brillante con ribete granate.<br \/>\nNariz: Agradables aromas de frutos del bosque maduros con notas bals\u00e1micas del bosque mediterr\u00e1neo, seguido de notas de vainilla, regaliz y chocolate.<br \/>\nBoca: Vino con cuerpo y bien redondeado con taninos suaves y final largo.<\/p>\n<p><span style=\"color: #c99e67;\"><strong>MARIDAJE:<\/strong><\/span><br \/>\nCarnes rojas y quesos curados<br \/>\n14,5 % Alc. Vol<br \/>\nCajas de 6 y 1 bt.<\/p>\n<p><img decoding=\"async\" class=\"alignnone size-medium wp-image-31104\" src=\"https:\/\/montesanco.com\/wp-content\/uploads\/2022\/07\/utiel-requena-vegan-300x80.jpg\" alt=\"\" width=\"300\" height=\"80\" srcset=\"https:\/\/montesanco.com\/wp-content\/uploads\/2022\/07\/utiel-requena-vegan-300x80.jpg 300w, https:\/\/montesanco.com\/wp-content\/uploads\/2022\/07\/utiel-requena-vegan.jpg 308w\" sizes=\"(max-width: 300px) 100vw, 300px\" \/><\/p>\n","protected":false},"excerpt":{"rendered":"<div class=\"brxe-dullji brxe-text\">\n<p><span class=\"S1PPyQ\">Our Tempranillo, grafted on old Bobal vines, is the reinterpretation of the classic Spanish variety with a Mediterranean twist. Aged for 12 months. <\/span><\/p>\n<p><strong>P.D.O. Utiel &#8211; Requena<\/strong><\/p>\n<\/div>\n<h5 class=\"brxe-mnzmfx brxe-heading bricks-type-lead\">TASTING NOTES<\/h5>\n<div class=\"brxe-uuwkax brxe-text\">\n<ul>\n<li><b>Appearance: <\/b>Bright ruby color with garnet rim.<\/li>\n<li><b>Nose: <\/b>Pleasant aromas of ripe berries with balsamic notes of Mediterranean forest, followed by notes of vanilla, licorice and chocolate.<\/li>\n<li><b>Palate: <\/b>Full-bodied and well-rounded wine with soft tannins and long finish.<\/li>\n<\/ul>\n<\/div>\n<p>&nbsp;<\/p>\n","protected":false},"featured_media":31109,"comment_status":"open","ping_status":"closed","template":"","meta":{"_joinchat":[]},"product_brand":[],"product_cat":[62],"product_tag":[64,77],"region":[185],"anada":[205],"class_list":{"0":"post-40396","1":"product","2":"type-product","3":"status-publish","4":"has-post-thumbnail","6":"product_cat-montesanco-en","7":"product_tag-montesanco-en","8":"product_tag-blanco-en","9":"product_shipping_class-agencia-de-transporte-en","10":"region-d-o-p-utiel-requena-en","11":"anada-2023-en","13":"first","14":"instock","15":"shipping-taxable","16":"purchasable","17":"product-type-simple"},"_links":{"self":[{"href":"https:\/\/montesanco.com\/en\/wp-json\/wp\/v2\/product\/40396","targetHints":{"allow":["GET"]}}],"collection":[{"href":"https:\/\/montesanco.com\/en\/wp-json\/wp\/v2\/product"}],"about":[{"href":"https:\/\/montesanco.com\/en\/wp-json\/wp\/v2\/types\/product"}],"replies":[{"embeddable":true,"href":"https:\/\/montesanco.com\/en\/wp-json\/wp\/v2\/comments?post=40396"}],"wp:featuredmedia":[{"embeddable":true,"href":"https:\/\/montesanco.com\/en\/wp-json\/wp\/v2\/media\/31109"}],"wp:attachment":[{"href":"https:\/\/montesanco.com\/en\/wp-json\/wp\/v2\/media?parent=40396"}],"wp:term":[{"taxonomy":"product_brand","embeddable":true,"href":"https:\/\/montesanco.com\/en\/wp-json\/wp\/v2\/product_brand?post=40396"},{"taxonomy":"product_cat","embeddable":true,"href":"https:\/\/montesanco.com\/en\/wp-json\/wp\/v2\/product_cat?post=40396"},{"taxonomy":"product_tag","embeddable":true,"href":"https:\/\/montesanco.com\/en\/wp-json\/wp\/v2\/product_tag?post=40396"},{"taxonomy":"region","embeddable":true,"href":"https:\/\/montesanco.com\/en\/wp-json\/wp\/v2\/region?post=40396"},{"taxonomy":"anada","embeddable":true,"href":"https:\/\/montesanco.com\/en\/wp-json\/wp\/v2\/anada?post=40396"}],"curies":[{"name":"wp","href":"https:\/\/api.w.org\/{rel}","templated":true}]}}